{"id":3,"date":"2026-02-23T10:11:53","date_gmt":"2026-02-23T08:11:53","guid":{"rendered":"\/?page_id=3"},"modified":"2026-03-15T20:02:40","modified_gmt":"2026-03-15T19:02:40","slug":"datenschutzerklaerung","status":"publish","type":"page","link":"http:\/\/carino-bar.com\/?page_id=3","title":{"rendered":"Datenschutzerkl\u00e4rung"},"content":{"rendered":"\t\t<div data-elementor-type=\"wp-page\" data-elementor-id=\"3\" class=\"elementor elementor-3\">\n\t\t\t\t<div class=\"elementor-element elementor-element-8e03956 e-flex e-con-boxed e-con e-parent\" data-id=\"8e03956\" data-element_type=\"container\" data-e-type=\"container\" data-settings=\"{&quot;background_background&quot;:&quot;classic&quot;,&quot;shape_divider_top&quot;:&quot;opacity-tilt&quot;}\">\n\t\t\t\t\t<div class=\"e-con-inner\">\n\t\t\t\t<div class=\"elementor-shape elementor-shape-top\" aria-hidden=\"true\" data-negative=\"false\">\n\t\t\t<svg xmlns=\"http:\/\/www.w3.org\/2000\/svg\" viewBox=\"0 0 2600 131.1\" preserveAspectRatio=\"none\">\n\t<path class=\"elementor-shape-fill\" d=\"M0 0L2600 0 2600 69.1 0 0z\"\/>\n\t<path class=\"elementor-shape-fill\" style=\"opacity:0.5\" d=\"M0 0L2600 0 2600 69.1 0 69.1z\"\/>\n\t<path class=\"elementor-shape-fill\" style=\"opacity:0.25\" d=\"M2600 0L0 0 0 130.1 2600 69.1z\"\/>\n<\/svg>\t\t<\/div>\n\t\t\t\t<div class=\"elementor-element elementor-element-5e5385a elementor-widget elementor-widget-spacer\" data-id=\"5e5385a\" data-element_type=\"widget\" data-e-type=\"widget\" data-widget_type=\"spacer.default\">\n\t\t\t\t\t\t\t<div class=\"elementor-spacer\">\n\t\t\t<div class=\"elementor-spacer-inner\"><\/div>\n\t\t<\/div>\n\t\t\t\t\t\t<\/div>\n\t\t\t\t<div class=\"elementor-element elementor-element-1aa8024 elementor-widget elementor-widget-heading\" data-id=\"1aa8024\" data-element_type=\"widget\" data-e-type=\"widget\" data-widget_type=\"heading.default\">\n\t\t\t\t\t<h2 class=\"elementor-heading-title elementor-size-default\">Datenschutzerkl\u00e4rung<\/h2>\t\t\t\t<\/div>\n\t\t\t\t<div class=\"elementor-element elementor-element-912c3f8 elementor-widget elementor-widget-text-editor\" data-id=\"912c3f8\" data-element_type=\"widget\" data-e-type=\"widget\" data-widget_type=\"text-editor.default\">\n\t\t\t\t\t\t\t\t\t<p>1. Verantwortlicher<\/p><p>Verantwortlich f\u00fcr die Datenverarbeitung auf dieser Website ist:<\/p><p>Hababi Carino Bar und Restaurant<br \/>Alte Bundesstra\u00dfe 94<br \/>79194 Gundelfingen<br \/>Deutschland<\/p><p>Telefon: +497615932617<br \/>E-Mail: kontakt@carino-bar.com<\/p><p>2. Allgemeine Hinweise zur Datenverarbeitung<\/p><p>Der Schutz Ihrer pers\u00f6nlichen Daten ist uns wichtig. Wir verarbeiten Ihre personenbezogenen Daten ausschlie\u00dflich im Rahmen der gesetzlichen Bestimmungen.<\/p><p>Personenbezogene Daten sind alle Daten, mit denen Sie pers\u00f6nlich identifiziert werden k\u00f6nnen.<\/p><p>3. Erhebung und Speicherung personenbezogener Daten beim Besuch der Website<\/p><p>Beim Aufrufen dieser Website werden durch den Hosting-Anbieter automatisch Informationen erfasst und in sogenannten Server-Logfiles gespeichert. Dies sind insbesondere:<\/p><p>&#8211; IP-Adresse<br \/>&#8211; Datum und Uhrzeit der Anfrage<br \/>&#8211; aufgerufene Seite \/ Datei<br \/>&#8211; verwendeter Browser und Betriebssystem<br \/>&#8211; Referrer-URL<br \/>&#8211; Hostname des zugreifenden Rechners<\/p><p>Die Verarbeitung dieser Daten erfolgt zur Gew\u00e4hrleistung eines st\u00f6rungsfreien Betriebs der Website sowie zur Verbesserung unseres Angebots.<\/p><p>Rechtsgrundlage ist Art. 6 Abs. 1 lit. f DSGVO.<\/p><p>4. Kontaktformular<\/p><p>Wenn Sie uns per Kontaktformular Anfragen zukommen lassen, werden Ihre Angaben aus dem Formular inklusive der von Ihnen dort angegebenen Kontaktdaten zur Bearbeitung Ihrer Anfrage und f\u00fcr den Fall von Anschlussfragen bei uns gespeichert.<\/p><p>Die Verarbeitung erfolgt ausschlie\u00dflich zum Zweck der Bearbeitung Ihrer Anfrage.<\/p><p>Je nach Gestaltung des Formulars k\u00f6nnen insbesondere folgende Daten verarbeitet werden:<br \/>&#8211; Name<br \/>&#8211; E-Mail-Adresse<br \/>&#8211; Telefonnummer<br \/>&#8211; Nachricht \/ Anliegen<\/p><p>Rechtsgrundlage f\u00fcr die Verarbeitung Ihrer Anfrage ist Art. 6 Abs. 1 lit. b DSGVO, sofern Ihre Anfrage auf den Abschluss oder die Durchf\u00fchrung eines Vertrags gerichtet ist, oder Art. 6 Abs. 1 lit. f DSGVO bei sonstigen Anfragen. Soweit eine Einwilligung abgefragt wird, erfolgt die Verarbeitung auf Grundlage von Art. 6 Abs. 1 lit. a DSGVO. :contentReference[oaicite:2]{index=2}<\/p><p>5. Spam-Schutz \/ reCAPTCHA<\/p><p>Zum Schutz unserer Formulare vor missbr\u00e4uchlichen automatisierten Eingaben verwenden wir [Google reCAPTCHA \/ reCAPTCHA v3].<\/p><p>Hierdurch kann es zur Verarbeitung technischer Daten kommen, insbesondere:<br \/>&#8211; IP-Adresse<br \/>&#8211; Informationen \u00fcber Browser und Betriebssystem<br \/>&#8211; Referrer-URL<br \/>&#8211; Mausbewegungen, Tastatureingaben oder sonstige Interaktionsdaten<br \/>&#8211; Datum und Uhrzeit des Zugriffs<\/p><p>Die Verarbeitung erfolgt zum Schutz unserer Website vor Spam und missbr\u00e4uchlichen Anfragen.<\/p><p>Wenn Google reCAPTCHA eingesetzt wird, ist zu beachten, dass hierbei Daten an Google \u00fcbermittelt werden k\u00f6nnen. Der Einsatz sollte in der Datenschutzerkl\u00e4rung klar beschrieben werden. Der BfDI hat bei direkt eingebundenem reCAPTCHA datenschutzrechtliche Bedenken wegen der \u00dcbermittlung der IP-Adresse ohne ausdr\u00fcckliche Einwilligung beschrieben. :contentReference[oaicite:3]{index=3}<\/p><p>6. Google Maps<\/p><p>Auf unserer Website kann der Kartendienst Google Maps eingebunden sein, um Ihnen unseren Standort anzuzeigen und die Anfahrt zu erleichtern.<\/p><p>Bei der Nutzung von Google Maps k\u00f6nnen personenbezogene Daten, insbesondere Ihre IP-Adresse, an Google \u00fcbermittelt werden.<\/p><p>Die Nutzung erfolgt im Interesse einer ansprechenden Darstellung unseres Online-Angebots und an einer leichten Auffindbarkeit unseres Standorts.<\/p><p>Rechtsgrundlage ist \u2013 je nach technischer Einbindung und Consent-L\u00f6sung \u2013 Ihre Einwilligung gem\u00e4\u00df Art. 6 Abs. 1 lit. a DSGVO oder unser berechtigtes Interesse gem\u00e4\u00df Art. 6 Abs. 1 lit. f DSGVO.<\/p><p>7. Cookies und Einwilligungsmanagement<\/p><p>Unsere Website kann Cookies oder \u00e4hnliche Technologien verwenden. Soweit technisch nicht erforderliche Cookies oder externe Dienste eingesetzt werden, erfolgt deren Nutzung nur nach Ihrer Einwilligung.<\/p><p>8. Empf\u00e4nger der Daten<\/p><p>Eine Weitergabe Ihrer personenbezogenen Daten erfolgt nur, wenn dies gesetzlich erlaubt ist oder Sie eingewilligt haben. Empf\u00e4nger k\u00f6nnen insbesondere technische Dienstleister, Hosting-Anbieter oder Anbieter eingebundener Dienste sein.<\/p><p>9. Speicherdauer<\/p><p>Wir speichern personenbezogene Daten nur so lange, wie dies f\u00fcr die jeweiligen Zwecke erforderlich ist oder gesetzliche Aufbewahrungspflichten bestehen.<\/p><p>10. Ihre Rechte<\/p><p>Sie haben das Recht:<br \/>&#8211; Auskunft \u00fcber Ihre gespeicherten Daten zu verlangen<br \/>&#8211; Berichtigung unrichtiger Daten zu verlangen<br \/>&#8211; L\u00f6schung Ihrer Daten zu verlangen<br \/>&#8211; Einschr\u00e4nkung der Verarbeitung zu verlangen<br \/>&#8211; Widerspruch gegen die Verarbeitung einzulegen<br \/>&#8211; Daten\u00fcbertragbarkeit zu verlangen<br \/>&#8211; eine erteilte Einwilligung jederzeit mit Wirkung f\u00fcr die Zukunft zu widerrufen<\/p><p>Au\u00dferdem haben Sie das Recht, sich bei einer Datenschutz-Aufsichtsbeh\u00f6rde zu beschweren.<\/p><p>11. SSL- bzw. TLS-Verschl\u00fcsselung<\/p><p>Diese Website nutzt aus Sicherheitsgr\u00fcnden und zum Schutz der \u00dcbertragung vertraulicher Inhalte eine SSL- bzw. TLS-Verschl\u00fcsselung.<\/p><p>12. Stand<\/p><p>Stand: M\u00e4rz 2026<\/p>\t\t\t\t\t\t\t\t<\/div>\n\t\t\t\t<div class=\"elementor-element elementor-element-4a2f8aa elementor-widget elementor-widget-spacer\" data-id=\"4a2f8aa\" data-element_type=\"widget\" data-e-type=\"widget\" data-widget_type=\"spacer.default\">\n\t\t\t\t\t\t\t<div class=\"elementor-spacer\">\n\t\t\t<div class=\"elementor-spacer-inner\"><\/div>\n\t\t<\/div>\n\t\t\t\t\t\t<\/div>\n\t\t\t\t\t<\/div>\n\t\t\t\t<\/div>\n\t\t\t\t<\/div>\n\t\t","protected":false},"excerpt":{"rendered":"<p>Datenschutzerkl\u00e4rung 1. Verantwortlicher Verantwortlich f\u00fcr die Datenverarbeitung auf dieser Website ist: Hababi Carino Bar und RestaurantAlte Bundesstra\u00dfe 9479194 GundelfingenDeutschland Telefon: +497615932617E-Mail: kontakt@carino-bar.com 2. Allgemeine Hinweise zur Datenverarbeitung Der Schutz Ihrer pers\u00f6nlichen Daten ist uns wichtig. Wir verarbeiten Ihre personenbezogenen Daten ausschlie\u00dflich im Rahmen der gesetzlichen Bestimmungen. Personenbezogene Daten sind alle Daten, mit denen Sie pers\u00f6nlich [&hellip;]<\/p>\n","protected":false},"author":1,"featured_media":0,"parent":0,"menu_order":0,"comment_status":"closed","ping_status":"open","template":"","meta":{"footnotes":""},"class_list":["post-3","page","type-page","status-publish","hentry"],"_links":{"self":[{"href":"http:\/\/carino-bar.com\/index.php?rest_route=\/wp\/v2\/pages\/3","targetHints":{"allow":["GET"]}}],"collection":[{"href":"http:\/\/carino-bar.com\/index.php?rest_route=\/wp\/v2\/pages"}],"about":[{"href":"http:\/\/carino-bar.com\/index.php?rest_route=\/wp\/v2\/types\/page"}],"author":[{"embeddable":true,"href":"http:\/\/carino-bar.com\/index.php?rest_route=\/wp\/v2\/users\/1"}],"replies":[{"embeddable":true,"href":"http:\/\/carino-bar.com\/index.php?rest_route=%2Fwp%2Fv2%2Fcomments&post=3"}],"version-history":[{"count":15,"href":"http:\/\/carino-bar.com\/index.php?rest_route=\/wp\/v2\/pages\/3\/revisions"}],"predecessor-version":[{"id":744,"href":"http:\/\/carino-bar.com\/index.php?rest_route=\/wp\/v2\/pages\/3\/revisions\/744"}],"wp:attachment":[{"href":"http:\/\/carino-bar.com\/index.php?rest_route=%2Fwp%2Fv2%2Fmedia&parent=3"}],"curies":[{"name":"wp","href":"https:\/\/api.w.org\/{rel}","templated":true}]}}